{"id":137,"date":"2024-03-15T07:54:57","date_gmt":"2024-03-15T07:54:57","guid":{"rendered":"http:\/\/source.wpopal.com\/heali\/contact\/"},"modified":"2026-01-16T11:24:40","modified_gmt":"2026-01-16T11:24:40","slug":"contact","status":"publish","type":"page","link":"https:\/\/leyla-naturopathe.com\/?page_id=137","title":{"rendered":"Contact"},"content":{"rendered":"\t\t<div data-elementor-type=\"wp-page\" data-elementor-id=\"137\" class=\"elementor elementor-137\">\n\t\t\t\t<div class=\"elementor-element elementor-element-0262d3e e-flex e-con-boxed e-con e-parent\" data-id=\"0262d3e\" data-element_type=\"container\">\n\t\t\t\t\t<div class=\"e-con-inner\">\n\t\t<div class=\"elementor-element elementor-element-1a8935b e-con-full e-flex e-con e-child\" data-id=\"1a8935b\" data-element_type=\"container\">\n\t\t\t\t<div class=\"elementor-element elementor-element-5520051 elementor-icon-list--layout-traditional elementor-list-item-link-full_width elementor-widget elementor-widget-icon-list\" data-id=\"5520051\" data-element_type=\"widget\" data-widget_type=\"icon-list.default\">\n\t\t\t\t\t\t\t<ul class=\"elementor-icon-list-items\">\n\t\t\t\t\t\t\t<li class=\"elementor-icon-list-item\">\n\t\t\t\t\t\t\t\t\t\t\t<span class=\"elementor-icon-list-icon\">\n\t\t\t\t\t\t\t\t\t\t\t\t\t<\/span>\n\t\t\t\t\t\t\t\t\t\t<span class=\"elementor-icon-list-text\"><\/span>\n\t\t\t\t\t\t\t\t\t<\/li>\n\t\t\t\t\t\t<\/ul>\n\t\t\t\t\t\t<\/div>\n\t\t\t\t<div class=\"elementor-element elementor-element-9fbe450 elementor-widget__width-initial elementor-widget-tablet__width-inherit subtitle-position-above elementor-widget elementor-widget-heading\" data-id=\"9fbe450\" data-element_type=\"widget\" data-widget_type=\"heading.default\">\n\t\t\t\t<div class=\"elementor-widget-container\">\n\t\t\t\t\t<div class=\"elementor-heading-wrapper-inner\"><h2 class=\"elementor-heading-title elementor-size-xxl\">Vous souhaitez prendre rendez-vous ou obtenir plus d'informations ?\n<\/h2><\/div>\t\t\t\t<\/div>\n\t\t\t\t<\/div>\n\t\t\t\t<div class=\"elementor-element elementor-element-3604731 elementor-widget elementor-widget-text-editor\" data-id=\"3604731\" data-element_type=\"widget\" data-widget_type=\"text-editor.default\">\n\t\t\t\t\t\t\t\t\t<p>Je serais ravie d&#8217;\u00e9changer avec vous sur vos besoins et de vous accompagner vers un mieux-\u00eatre naturel. Que ce soit pour une premi\u00e8re consultation ou simplement pour poser vos questions, n&#8217;h\u00e9sitez pas \u00e0 me contacter.<\/p>\t\t\t\t\t\t\t\t<\/div>\n\t\t\t\t<\/div>\n\t\t<div class=\"elementor-element elementor-element-13d35e1 e-con-full e-flex e-con e-child\" data-id=\"13d35e1\" data-element_type=\"container\">\n\t\t\t\t<div class=\"elementor-element elementor-element-b5b3556 elementor-view-framed elementor-position-left elementor-vertical-align-middle elementor-shape-circle icon-box-style-default elementor-mobile-position-top elementor-widget elementor-widget-heali-icon-box\" data-id=\"b5b3556\" data-element_type=\"widget\" data-widget_type=\"heali-icon-box.default\">\n\t\t\t\t<div class=\"elementor-widget-container\">\n\t\t\t\t\t        <div class=\"elementor-icon-box-wrapper\">\n                    <div class=\"elementor-icon-box-icon\">\n            <span class=\"elementor-icon elementor-animation-\" >\n            <i aria-hidden=\"true\" class=\"heali-icon- heali-icon-phone-call-1\"><\/i>            <\/span>\n            <\/div>\n                <div class=\"elementor-icon-box-content\">\n        <div class=\"title-content\">\n        <h3 class=\"elementor-icon-box-title\">\n        <span  >\n        07 59 71 10 33        <\/span>\n        <\/h3>\n                    <p class=\"elementor-icon-box-description\">\n                VOUS POUVEZ M'ENVOYER UN SMS OU WHATSAPP            <\/p>\n                <\/div>\n        <\/div>\n        <\/div>\n        \t\t\t\t<\/div>\n\t\t\t\t<\/div>\n\t\t\t\t<div class=\"elementor-element elementor-element-cb9c7f4 elementor-view-framed elementor-position-left elementor-vertical-align-middle elementor-shape-circle icon-box-style-default elementor-mobile-position-top elementor-widget elementor-widget-heali-icon-box\" data-id=\"cb9c7f4\" data-element_type=\"widget\" data-widget_type=\"heali-icon-box.default\">\n\t\t\t\t<div class=\"elementor-widget-container\">\n\t\t\t\t\t        <div class=\"elementor-icon-box-wrapper\">\n                    <div class=\"elementor-icon-box-icon\">\n            <span class=\"elementor-icon elementor-animation-\" >\n            <i aria-hidden=\"true\" class=\"heali-icon- heali-icon-mail-08\"><\/i>            <\/span>\n            <\/div>\n                <div class=\"elementor-icon-box-content\">\n        <div class=\"title-content\">\n        <h3 class=\"elementor-icon-box-title\">\n        <span  >\n        leylanaturo@gmail.com        <\/span>\n        <\/h3>\n                    <p class=\"elementor-icon-box-description\">\n                VOUS POUVEZ M'ENVOYER UN EMAIL            <\/p>\n                <\/div>\n        <\/div>\n        <\/div>\n        \t\t\t\t<\/div>\n\t\t\t\t<\/div>\n\t\t\t\t<div class=\"elementor-element elementor-element-1559ee0 elementor-vertical-align-middle icon-box-style-default elementor-widget elementor-widget-heali-icon-box\" data-id=\"1559ee0\" data-element_type=\"widget\" data-widget_type=\"heali-icon-box.default\">\n\t\t\t\t<div class=\"elementor-widget-container\">\n\t\t\t\t\t        <div class=\"elementor-icon-box-wrapper\">\n                <div class=\"elementor-icon-box-content\">\n        <div class=\"title-content\">\n        <h3 class=\"elementor-icon-box-title\">\n        <span  >\n                <\/span>\n        <\/h3>\n                <\/div>\n        <\/div>\n        <\/div>\n        \t\t\t\t<\/div>\n\t\t\t\t<\/div>\n\t\t\t\t<\/div>\n\t\t\t\t\t<\/div>\n\t\t\t\t<\/div>\n\t\t<div class=\"elementor-element elementor-element-a81b08a e-con-full e-flex e-con e-parent\" data-id=\"a81b08a\" data-element_type=\"container\">\n\t\t\t\t<div class=\"elementor-element elementor-element-89d92f5 elementor-widget elementor-widget-google_maps\" data-id=\"89d92f5\" data-element_type=\"widget\" data-widget_type=\"google_maps.default\">\n\t\t\t\t\t\t\t<div class=\"elementor-custom-embed\">\n\t\t\t<iframe loading=\"lazy\"\n\t\t\t\t\tsrc=\"https:\/\/maps.google.com\/maps?q=Paris%20&#038;t=m&#038;z=15&#038;output=embed&#038;iwloc=near\"\n\t\t\t\t\ttitle=\"Paris \"\n\t\t\t\t\taria-label=\"Paris \"\n\t\t\t><\/iframe>\n\t\t<\/div>\n\t\t\t\t\t\t<\/div>\n\t\t\t\t<\/div>\n\t\t<div class=\"elementor-element elementor-element-ed4434a e-flex e-con-boxed e-con e-parent\" data-id=\"ed4434a\" data-element_type=\"container\">\n\t\t\t\t\t<div class=\"e-con-inner\">\n\t\t<div class=\"elementor-element elementor-element-a779238 e-con-full e-flex e-con e-child\" data-id=\"a779238\" data-element_type=\"container\">\n\t\t\t\t<div class=\"elementor-element elementor-element-80ee70c subtitle-position-above elementor-widget elementor-widget-heading\" data-id=\"80ee70c\" data-element_type=\"widget\" data-widget_type=\"heading.default\">\n\t\t\t\t<div class=\"elementor-widget-container\">\n\t\t\t\t\t<div class=\"elementor-heading-wrapper-inner\"><h2 class=\"elementor-heading-title elementor-size-xxl\">Mes horaires<\/h2><\/div>\t\t\t\t<\/div>\n\t\t\t\t<\/div>\n\t\t<div class=\"elementor-element elementor-element-9154bb5 e-con-full e-flex e-con e-child\" data-id=\"9154bb5\" data-element_type=\"container\">\n\t\t\t\t<div class=\"elementor-element elementor-element-e423a14 subtitle-position-above elementor-widget elementor-widget-heading\" data-id=\"e423a14\" data-element_type=\"widget\" data-widget_type=\"heading.default\">\n\t\t\t\t<div class=\"elementor-widget-container\">\n\t\t\t\t\t<div class=\"elementor-heading-wrapper-inner\"><h2 class=\"elementor-heading-title elementor-size-xxl\">Lundi - Vendredi<\/h2><\/div>\t\t\t\t<\/div>\n\t\t\t\t<\/div>\n\t\t\t\t<div class=\"elementor-element elementor-element-7cb65a8 elementor-widget elementor-widget-text-editor\" data-id=\"7cb65a8\" data-element_type=\"widget\" data-widget_type=\"text-editor.default\">\n\t\t\t\t\t\t\t\t\t<p>9h &#8211; 18h<\/p>\t\t\t\t\t\t\t\t<\/div>\n\t\t\t\t<\/div>\n\t\t<div class=\"elementor-element elementor-element-a1e9463 e-con-full e-flex e-con e-child\" data-id=\"a1e9463\" data-element_type=\"container\">\n\t\t\t\t<div class=\"elementor-element elementor-element-f63a246 subtitle-position-above elementor-widget elementor-widget-heading\" data-id=\"f63a246\" data-element_type=\"widget\" data-widget_type=\"heading.default\">\n\t\t\t\t<div class=\"elementor-widget-container\">\n\t\t\t\t\t<div class=\"elementor-heading-wrapper-inner\"><\/div>\t\t\t\t<\/div>\n\t\t\t\t<\/div>\n\t\t\t\t<\/div>\n\t\t\t\t<\/div>\n\t\t<div class=\"elementor-element elementor-element-af9d63c e-con-full e-flex e-con e-child\" data-id=\"af9d63c\" data-element_type=\"container\" data-settings=\"{&quot;background_background&quot;:&quot;classic&quot;}\">\n\t\t\t\t<div class=\"elementor-element elementor-element-d3a988f subtitle-position-above elementor-widget elementor-widget-heading\" data-id=\"d3a988f\" data-element_type=\"widget\" data-widget_type=\"heading.default\">\n\t\t\t\t<div class=\"elementor-widget-container\">\n\t\t\t\t\t<div class=\"elementor-heading-wrapper-inner\"><h2 class=\"elementor-heading-title elementor-size-xxl\">Vous pouvez aussi m'\u00e9crire ici directement<\/h2><\/div>\t\t\t\t<\/div>\n\t\t\t\t<\/div>\n\t\t\t\t<div class=\"elementor-element elementor-element-7ea5703 elementor-widget elementor-widget-text-editor\" data-id=\"7ea5703\" data-element_type=\"widget\" data-widget_type=\"text-editor.default\">\n\t\t\t\t\t\t\t\t\t<p>Je ne manquerais pas de faire un retour \u00e0 votre message dans les meilleurs d\u00e9lais.<\/p>\t\t\t\t\t\t\t\t<\/div>\n\t\t\t\t<div class=\"elementor-element elementor-element-f570090 elementor-widget elementor-widget-heali-contactform\" data-id=\"f570090\" data-element_type=\"widget\" data-widget_type=\"heali-contactform.default\">\n\t\t\t\t<div class=\"elementor-widget-container\">\n\t\t\t\t\t\n<div class=\"wpcf7 no-js\" id=\"wpcf7-f3503-o1\" lang=\"en-US\" dir=\"ltr\" data-wpcf7-id=\"3503\">\n<div class=\"screen-reader-response\"><p role=\"status\" aria-live=\"polite\" aria-atomic=\"true\"><\/p> <ul><\/ul><\/div>\n<form action=\"\/index.php?rest_route=%2Fwp%2Fv2%2Fpages%2F137#wpcf7-f3503-o1\" method=\"post\" class=\"wpcf7-form init\" aria-label=\"Contact form\" novalidate=\"novalidate\" data-status=\"init\">\n<fieldset class=\"hidden-fields-container\"><input type=\"hidden\" name=\"_wpcf7\" value=\"3503\" \/><input type=\"hidden\" name=\"_wpcf7_version\" value=\"6.1.2\" \/><input type=\"hidden\" name=\"_wpcf7_locale\" value=\"en_US\" \/><input type=\"hidden\" name=\"_wpcf7_unit_tag\" value=\"wpcf7-f3503-o1\" \/><input type=\"hidden\" name=\"_wpcf7_container_post\" value=\"0\" \/><input type=\"hidden\" name=\"_wpcf7_posted_data_hash\" value=\"\" \/>\n<\/fieldset>\n<div class=\"row row-form\">\n\t<div class=\"column-tablet-6 column-12\">\n\t\t<p><span class=\"wpcf7-form-control-wrap\" data-name=\"your-name\"><input size=\"40\" maxlength=\"400\" class=\"wpcf7-form-control wpcf7-text wpcf7-validates-as-required\" autocomplete=\"name\" aria-required=\"true\" aria-invalid=\"false\" placeholder=\"Nom Pr\u00e9nom\" value=\"\" type=\"text\" name=\"your-name\" \/><\/span>\n\t\t<\/p>\n\t<\/div>\n\t<div class=\"column-tablet-6 column-12\">\n\t\t<p><span class=\"wpcf7-form-control-wrap\" data-name=\"your-email\"><input size=\"40\" maxlength=\"400\" class=\"wpcf7-form-control wpcf7-email wpcf7-validates-as-required wpcf7-text wpcf7-validates-as-email\" autocomplete=\"email\" aria-required=\"true\" aria-invalid=\"false\" placeholder=\"Num\u00e9ro de t\u00e9l\u00e9phone\" value=\"\" type=\"email\" name=\"your-email\" \/><\/span>\n\t\t<\/p>\n\t<\/div>\n\t<div class=\"column-tablet-12 column-12\">\n\t\t<p><span class=\"wpcf7-form-control-wrap\" data-name=\"your-email\"><input size=\"40\" maxlength=\"400\" class=\"wpcf7-form-control wpcf7-email wpcf7-validates-as-required wpcf7-text wpcf7-validates-as-email\" autocomplete=\"email\" aria-required=\"true\" aria-invalid=\"false\" placeholder=\"Email\" value=\"\" type=\"email\" name=\"your-email\" \/><\/span>\n\t\t<\/p>\n\t<\/div>\n\t<div class=\"column-tablet-12 column-12\">\n\t\t<p><span class=\"wpcf7-form-control-wrap\" data-name=\"your-message\"><textarea cols=\"40\" rows=\"3\" maxlength=\"2000\" class=\"wpcf7-form-control wpcf7-textarea\" aria-invalid=\"false\" placeholder=\"Votre message\" name=\"your-message\"><\/textarea><\/span>\n\t\t<\/p>\n\t<\/div>\n\t<div class=\"column-tablet-12 column-12 button-submit\">\n\t\t<p><button type=\"submit\" value=\"Submit\"><span>Envoyer le message<\/span><i class=\"heali-icon-arrow-up-right\"><\/i><\/button>\n\t\t<\/p>\n\t<\/div>\n<\/div><div class=\"wpcf7-response-output\" aria-hidden=\"true\"><\/div>\n<\/form>\n<\/div>\n\t\t\t\t<\/div>\n\t\t\t\t<\/div>\n\t\t\t\t<\/div>\n\t\t\t\t\t<\/div>\n\t\t\t\t<\/div>\n\t\t\t\t<\/div>\n\t\t","protected":false},"excerpt":{"rendered":"<p>Vous souhaitez prendre rendez-vous ou obtenir plus d&#8217;informations ? Je serais ravie d&#8217;\u00e9changer avec vous sur vos besoins et de vous accompagner vers un mieux-\u00eatre naturel. Que ce soit pour une premi\u00e8re consultation ou simplement pour poser vos questions, n&#8217;h\u00e9sitez pas \u00e0 me contacter. 07 59 71 10 33 VOUS POUVEZ M&#8217;ENVOYER UN SMS OU [&hellip;]<\/p>\n","protected":false},"author":1,"featured_media":0,"parent":0,"menu_order":0,"comment_status":"closed","ping_status":"closed","template":"","meta":{"_regular_price":[],"currency_symbol":[],"footnotes":""},"class_list":["post-137","page","type-page","status-publish","hentry"],"post_slider_layout_featured_media_urls":{"thumbnail":"","post_slider_layout_landscape_large":"","post_slider_layout_portrait_large":"","post_slider_layout_square_large":"","post_slider_layout_landscape":"","post_slider_layout_portrait":"","post_slider_layout_square":"","full":""},"_links":{"self":[{"href":"https:\/\/leyla-naturopathe.com\/index.php?rest_route=\/wp\/v2\/pages\/137","targetHints":{"allow":["GET"]}}],"collection":[{"href":"https:\/\/leyla-naturopathe.com\/index.php?rest_route=\/wp\/v2\/pages"}],"about":[{"href":"https:\/\/leyla-naturopathe.com\/index.php?rest_route=\/wp\/v2\/types\/page"}],"author":[{"embeddable":true,"href":"https:\/\/leyla-naturopathe.com\/index.php?rest_route=\/wp\/v2\/users\/1"}],"replies":[{"embeddable":true,"href":"https:\/\/leyla-naturopathe.com\/index.php?rest_route=%2Fwp%2Fv2%2Fcomments&post=137"}],"version-history":[{"count":12,"href":"https:\/\/leyla-naturopathe.com\/index.php?rest_route=\/wp\/v2\/pages\/137\/revisions"}],"predecessor-version":[{"id":3829,"href":"https:\/\/leyla-naturopathe.com\/index.php?rest_route=\/wp\/v2\/pages\/137\/revisions\/3829"}],"wp:attachment":[{"href":"https:\/\/leyla-naturopathe.com\/index.php?rest_route=%2Fwp%2Fv2%2Fmedia&parent=137"}],"curies":[{"name":"wp","href":"https:\/\/api.w.org\/{rel}","templated":true}]}}